{"id":2713,"date":"2022-09-07T14:06:13","date_gmt":"2022-09-07T13:06:13","guid":{"rendered":"https:\/\/www.gimabambot-hc.com\/a-propos-de-nous\/"},"modified":"2023-03-07T06:44:43","modified_gmt":"2023-03-07T05:44:43","slug":"a-propos-de-nous","status":"publish","type":"page","link":"https:\/\/staging3.mediaedge.cm\/fr\/a-propos-de-nous\/","title":{"rendered":"\u00c0 Propos"},"content":{"rendered":"<nav aria-label=\"breadcrumbs\" class=\"rank-math-breadcrumb\"><p><span class=\"last\">Home<\/span><\/p><\/nav>\n<h3>Notre Vision<\/h3>\n<p>Notre vision est d&rsquo;aider les h\u00f4pitaux \u00e0 r\u00e9duire leurs co\u00fbts en am\u00e9liorant la qualit\u00e9, en soutenant les m\u00e9decins et les infirmi\u00e8res par une formation continue.<\/p>\n<h3>La mission de Gima-Bambot Healthcare Ltd., est de faire conna\u00eetre le Cameroun pour sa qualit\u00e9 de soins.<\/h3>\n<p>Nous nous focalisons sur les points suivants :<\/p>\n<ul>\n<li>\n\t\t\t\t\t\t\t\t\t\tRenforcement des capacit\u00e9s des m\u00e9decins et des infirmi\u00e8res par la formation et le consulting professionnel.\n\t\t\t\t\t\t\t\t\t<\/li>\n<li>\n\t\t\t\t\t\t\t\t\t\tMise \u00e0 disposition locale de dispositifs m\u00e9dicaux (consommables).\n\t\t\t\t\t\t\t\t\t<\/li>\n<li>\n\t\t\t\t\t\t\t\t\t\tMaintenance pr\u00e9ventive des \u00e9quipements m\u00e9dicaux et disponibilit\u00e9 locale des pi\u00e8ces de rechange d&rsquo;origine.\n\t\t\t\t\t\t\t\t\t<\/li>\n<\/ul>\n<p>QUI SOMMES-NOUS<\/p>\n<h2>Quelle est la raison d&rsquo;existence de Gima-Bambot Healthcare Ltd. ?<\/h2>\n<p>Gima-Bambot Healthcare Ltd., a \u00e9t\u00e9 \u00e9tabli sur terre par Dieu pour renforcer les performances des h\u00f4pitaux, ce qui en fait un syst\u00e8me de sant\u00e9 en \u00e9volution. \u00c0 cet effet, nous nous focalisons sur le d\u00e9veloppement d&rsquo;un syst\u00e8me de services \u00e0 haut niveau de performance qui s&rsquo;attaque aux principaux et complexes d\u00e9fis du syst\u00e8me de sant\u00e9.<\/p>\n<p>Notre objectif et mission nous guident dans tout ce que nous accomplissons.<\/p>\n<h2>Notre But<\/h2>\n<p>R\u00e9soudre les probl\u00e8mes majeurs et complexes, entreprendre des projets \u00e0 risques dans le secteur de la sant\u00e9 et s&rsquo;engager continuellement dans l&rsquo;innovation afin d&rsquo;am\u00e9liorer la prestation des soins au Cameroun, permettant ainsi d&rsquo;obtenir de meilleurs r\u00e9sultats pour les patients.<\/p>\n<h2>L&rsquo;\u00c9quipe<\/h2>\n<p>\t\t\t\t\t\t\t<a href=\"https:\/\/staging3.mediaedge.cm\/wp-content\/uploads\/2022\/11\/Gima-Bambot-Healthcare-medical-Supplier-Cameroon-6.jpg\" data-elementor-open-lightbox=\"yes\" data-elementor-lightbox-slideshow=\"all-2a8fd05\" data-elementor-lightbox-title=\"Gima-Bambot Healthcare medical Supplier Cameroon 6\" data-e-action-hash=\"#elementor-action%3Aaction%3Dlightbox%26settings%3DeyJpZCI6MTg3OCwidXJsIjoiaHR0cHM6XC9cL3d3dy5naW1hYmFtYm90LWhjLmNvbVwvd3AtY29udGVudFwvdXBsb2Fkc1wvMjAyMlwvMTFcL0dpbWEtQmFtYm90LUhlYWx0aGNhcmUtbWVkaWNhbC1TdXBwbGllci1DYW1lcm9vbi02LmpwZyIsInNsaWRlc2hvdyI6ImFsbC0yYThmZDA1In0%3D\"><br \/>\n\t\t\t\t\t\t\t\t\t\t\t\t\t\t<\/a><br \/>\n\t\t\t\t\t\t\t<a href=\"https:\/\/staging3.mediaedge.cm\/wp-content\/uploads\/2022\/11\/Gima-Bambot-Healthcare-medical-Supplier-Cameroon-7.jpg\" data-elementor-open-lightbox=\"yes\" data-elementor-lightbox-slideshow=\"all-2a8fd05\" data-elementor-lightbox-title=\"Gima-Bambot Healthcare medical Supplier Cameroon 7\" data-e-action-hash=\"#elementor-action%3Aaction%3Dlightbox%26settings%3DeyJpZCI6MTg3OSwidXJsIjoiaHR0cHM6XC9cL3d3dy5naW1hYmFtYm90LWhjLmNvbVwvd3AtY29udGVudFwvdXBsb2Fkc1wvMjAyMlwvMTFcL0dpbWEtQmFtYm90LUhlYWx0aGNhcmUtbWVkaWNhbC1TdXBwbGllci1DYW1lcm9vbi03LmpwZyIsInNsaWRlc2hvdyI6ImFsbC0yYThmZDA1In0%3D\"><br \/>\n\t\t\t\t\t\t\t\t\t\t\t\t\t\t<\/a><br \/>\n\t\t\t\t\t\t\t<a href=\"https:\/\/staging3.mediaedge.cm\/wp-content\/uploads\/2022\/11\/Gima-Bambot-Healthcare-medical-Supplier-Cameroon-8.jpg\" data-elementor-open-lightbox=\"yes\" data-elementor-lightbox-slideshow=\"all-2a8fd05\" data-elementor-lightbox-title=\"Gima-Bambot Healthcare medical Supplier Cameroon 8\" data-e-action-hash=\"#elementor-action%3Aaction%3Dlightbox%26settings%3DeyJpZCI6MTg4MCwidXJsIjoiaHR0cHM6XC9cL3d3dy5naW1hYmFtYm90LWhjLmNvbVwvd3AtY29udGVudFwvdXBsb2Fkc1wvMjAyMlwvMTFcL0dpbWEtQmFtYm90LUhlYWx0aGNhcmUtbWVkaWNhbC1TdXBwbGllci1DYW1lcm9vbi04LmpwZyIsInNsaWRlc2hvdyI6ImFsbC0yYThmZDA1In0%3D\"><br \/>\n\t\t\t\t\t\t\t\t\t\t\t\t\t\t<\/a><br \/>\n\t\t\t\t\t\t\t<a href=\"https:\/\/staging3.mediaedge.cm\/wp-content\/uploads\/2022\/11\/Gima-Bambot-Healthcare-medical-Supplier-Cameroon-10.jpg\" data-elementor-open-lightbox=\"yes\" data-elementor-lightbox-slideshow=\"all-2a8fd05\" data-elementor-lightbox-title=\"Gima-Bambot Healthcare medical Supplier Cameroon 10\" data-e-action-hash=\"#elementor-action%3Aaction%3Dlightbox%26settings%3DeyJpZCI6MTg4MSwidXJsIjoiaHR0cHM6XC9cL3d3dy5naW1hYmFtYm90LWhjLmNvbVwvd3AtY29udGVudFwvdXBsb2Fkc1wvMjAyMlwvMTFcL0dpbWEtQmFtYm90LUhlYWx0aGNhcmUtbWVkaWNhbC1TdXBwbGllci1DYW1lcm9vbi0xMC5qcGciLCJzbGlkZXNob3ciOiJhbGwtMmE4ZmQwNSJ9\"><br \/>\n\t\t\t\t\t\t\t\t\t\t\t\t\t\t<\/a><br \/>\n\t\t\t\t\t\t\t<a href=\"https:\/\/staging3.mediaedge.cm\/wp-content\/uploads\/2022\/11\/Gima-Bambot-Healthcare-medical-Supplier-Cameroon-11.jpg\" data-elementor-open-lightbox=\"yes\" data-elementor-lightbox-slideshow=\"all-2a8fd05\" data-elementor-lightbox-title=\"Gima-Bambot Healthcare medical Supplier Cameroon 11\" data-e-action-hash=\"#elementor-action%3Aaction%3Dlightbox%26settings%3DeyJpZCI6MTg4MiwidXJsIjoiaHR0cHM6XC9cL3d3dy5naW1hYmFtYm90LWhjLmNvbVwvd3AtY29udGVudFwvdXBsb2Fkc1wvMjAyMlwvMTFcL0dpbWEtQmFtYm90LUhlYWx0aGNhcmUtbWVkaWNhbC1TdXBwbGllci1DYW1lcm9vbi0xMS5qcGciLCJzbGlkZXNob3ciOiJhbGwtMmE4ZmQwNSJ9\"><br \/>\n\t\t\t\t\t\t\t\t\t\t\t\t\t\t<\/a><br \/>\n\t\t\t\t\t\t\t<a href=\"https:\/\/staging3.mediaedge.cm\/wp-content\/uploads\/2022\/11\/Gima-Bambot-Healthcare-medical-Supplier-Cameroon.jpg\" data-elementor-open-lightbox=\"yes\" data-elementor-lightbox-slideshow=\"all-2a8fd05\" data-elementor-lightbox-title=\"Gima-Bambot Healthcare medical Supplier Cameroon\" data-e-action-hash=\"#elementor-action%3Aaction%3Dlightbox%26settings%3DeyJpZCI6MTg4MywidXJsIjoiaHR0cHM6XC9cL3d3dy5naW1hYmFtYm90LWhjLmNvbVwvd3AtY29udGVudFwvdXBsb2Fkc1wvMjAyMlwvMTFcL0dpbWEtQmFtYm90LUhlYWx0aGNhcmUtbWVkaWNhbC1TdXBwbGllci1DYW1lcm9vbi5qcGciLCJzbGlkZXNob3ciOiJhbGwtMmE4ZmQwNSJ9\"><br \/>\n\t\t\t\t\t\t\t\t\t\t\t\t\t\t<\/a><br \/>\n\t\t\t\t\t\t\t<a href=\"https:\/\/staging3.mediaedge.cm\/wp-content\/uploads\/2022\/11\/Gima-Bambot-Healthcare-medical-Supplier-Cameroon-4.jpg\" data-elementor-open-lightbox=\"yes\" data-elementor-lightbox-slideshow=\"all-2a8fd05\" data-elementor-lightbox-title=\"Gima-Bambot Healthcare medical Supplier Cameroon 4\" data-e-action-hash=\"#elementor-action%3Aaction%3Dlightbox%26settings%3DeyJpZCI6MTg3NiwidXJsIjoiaHR0cHM6XC9cL3d3dy5naW1hYmFtYm90LWhjLmNvbVwvd3AtY29udGVudFwvdXBsb2Fkc1wvMjAyMlwvMTFcL0dpbWEtQmFtYm90LUhlYWx0aGNhcmUtbWVkaWNhbC1TdXBwbGllci1DYW1lcm9vbi00LmpwZyIsInNsaWRlc2hvdyI6ImFsbC0yYThmZDA1In0%3D\"><br \/>\n\t\t\t\t\t\t\t\t\t\t\t\t\t\t<\/a><br \/>\n\t\t\t\t\t\t\t<a href=\"https:\/\/staging3.mediaedge.cm\/wp-content\/uploads\/2022\/11\/Gima-Bambot-Healthcare-medical-Supplier-Cameroon-3.jpg\" data-elementor-open-lightbox=\"yes\" data-elementor-lightbox-slideshow=\"all-2a8fd05\" data-elementor-lightbox-title=\"Gima-Bambot Healthcare medical Supplier Cameroon 3\" data-e-action-hash=\"#elementor-action%3Aaction%3Dlightbox%26settings%3DeyJpZCI6MTg3NSwidXJsIjoiaHR0cHM6XC9cL3d3dy5naW1hYmFtYm90LWhjLmNvbVwvd3AtY29udGVudFwvdXBsb2Fkc1wvMjAyMlwvMTFcL0dpbWEtQmFtYm90LUhlYWx0aGNhcmUtbWVkaWNhbC1TdXBwbGllci1DYW1lcm9vbi0zLmpwZyIsInNsaWRlc2hvdyI6ImFsbC0yYThmZDA1In0%3D\"><br \/>\n\t\t\t\t\t\t\t\t\t\t\t\t\t\t<\/a><br \/>\n\t\t\t\t\t\t\t<a href=\"https:\/\/staging3.mediaedge.cm\/wp-content\/uploads\/2022\/11\/Gima-Bambot-Healthcare-medical-Supplier-Cameroon-5.jpg\" data-elementor-open-lightbox=\"yes\" data-elementor-lightbox-slideshow=\"all-2a8fd05\" data-elementor-lightbox-title=\"Gima-Bambot Healthcare medical Supplier Cameroon 5\" data-e-action-hash=\"#elementor-action%3Aaction%3Dlightbox%26settings%3DeyJpZCI6MTg3NywidXJsIjoiaHR0cHM6XC9cL3d3dy5naW1hYmFtYm90LWhjLmNvbVwvd3AtY29udGVudFwvdXBsb2Fkc1wvMjAyMlwvMTFcL0dpbWEtQmFtYm90LUhlYWx0aGNhcmUtbWVkaWNhbC1TdXBwbGllci1DYW1lcm9vbi01LmpwZyIsInNsaWRlc2hvdyI6ImFsbC0yYThmZDA1In0%3D\"><br \/>\n\t\t\t\t\t\t\t\t\t\t\t\t\t\t<\/a><br \/>\n\t\t\t\t\t\t\t<a href=\"https:\/\/staging3.mediaedge.cm\/wp-content\/uploads\/2022\/11\/Gima-Bambot-Healthcare-medical-Supplier-Cameroon-2.jpg\" data-elementor-open-lightbox=\"yes\" data-elementor-lightbox-slideshow=\"all-2a8fd05\" data-elementor-lightbox-title=\"Gima-Bambot Healthcare medical Supplier Cameroon 2\" data-e-action-hash=\"#elementor-action%3Aaction%3Dlightbox%26settings%3DeyJpZCI6MTg4NCwidXJsIjoiaHR0cHM6XC9cL3d3dy5naW1hYmFtYm90LWhjLmNvbVwvd3AtY29udGVudFwvdXBsb2Fkc1wvMjAyMlwvMTFcL0dpbWEtQmFtYm90LUhlYWx0aGNhcmUtbWVkaWNhbC1TdXBwbGllci1DYW1lcm9vbi0yLmpwZyIsInNsaWRlc2hvdyI6ImFsbC0yYThmZDA1In0%3D\"><br \/>\n\t\t\t\t\t\t\t\t\t\t\t\t\t\t<\/a><\/p>\n<h2>Notre Histoire<\/h2>\n<p>HISTORIQUE<\/p>\n<p>\t\t\t\t\t2001<\/p>\n<h5>L&rsquo;id\u00e9e de base<\/h5>\n<p>En 1995, alors que notre fondateur est encore \u00e9tudiant, sa grand-m\u00e8re, gravement malade, \u00e9tait dans un \u00e9tat qui n\u00e9cessitait une intervention chirurgicale. Mais, l&rsquo;intervention a \u00e9t\u00e9 ind\u00fbment retard\u00e9e par manque de sutures de qualit\u00e9. L&rsquo;acc\u00e8s \u00e0 ces fils de sutures \u00e9tait extr\u00eamement difficile, car seule une entreprise de mat\u00e9riel m\u00e9dical pouvait les fournir ! Cette exp\u00e9rience m\u00e9morable a hant\u00e9 notre fondateur et est rest\u00e9e grav\u00e9e dans son esprit jusqu&rsquo;en 2001, lorsqu&rsquo;il a d\u00e9cid\u00e9 de cr\u00e9er Gima-Bambot International Ltd., sa contribution pour soutenir le syst\u00e8me de sant\u00e9 au Cameroun et cr\u00e9er des emplois d\u00e9cents.<br \/>\n\t2001<br \/>\n\t\t\t\t\t2003<\/p>\n<h5>Collaboration<\/h5>\n<p>En mars 2003, Gima-Bambot Healthcare Ltd., a \u00e9tabli un partenariat strat\u00e9gique avec le groupe B. Braun, une entreprise allemande, afin de r\u00e9soudre l&rsquo;\u00e9pineux probl\u00e8me de la disponibilit\u00e9 locale limit\u00e9e de dispositifs m\u00e9dicaux de haute technologie, en combinaison avec la formation et le consulting professionnel comme services de soutien.<br \/>\n\t2003<br \/>\n\t\t\t\t\t2006<\/p>\n<h5>Solution de sutures chirurgicales<\/h5>\n<p>L&rsquo;\u00e9quipe de Gima-Bambot Healthcare Ltd., a suivi une s\u00e9rie de formations professionnelles rigoureuses sur les sutures chirurgicales propos\u00e9es par Aesculap AG. (..une soci\u00e9t\u00e9 de B.Braun). Pour plus de d\u00e9tails, consultez le lien suivant <a href=\"https:\/\/staging3.mediaedge.cm\/fr\/histoire-de-la-solution-de-sutures-chirurgicales\/\">News &#8230;<\/a><br \/>\n\t2006<br \/>\n\t\t\t\t\t2012<\/p>\n<h5>La Marque = Super Signe <img decoding=\"async\" src=\"https:\/\/staging3.mediaedge.cm\/wp-content\/uploads\/2020\/05\/health-care-icon.png\" alt=\"Gima-Bambot Healthcare Ltd.\"><\/h5>\n<p>Connectez votre h\u00f4pital ou votre clinique \u00e0 notre syst\u00e8me de marque et acc\u00e9dez \u00e0 une incroyable cr\u00e9ativit\u00e9, \u00e0 de magnifiques gammes de produits et \u00e0 des solutions visant \u00e0 am\u00e9liorer les performances. La force de notre marque inclut notre culture d&rsquo;entreprise, qui est profond\u00e9ment ancr\u00e9e dans notre objectif, notre mission, notre vision et nos valeurs.<br \/>\n\t2012<br \/>\n\t\t\t\t\t2022<\/p>\n<h5>Une Renom\u00e9e : Gima-Bambot Healthcare Ltd.<\/h5>\n<p>Nous l&rsquo;avons obtenue gr\u00e2ce \u00e0 la mise en \u0153uvre de notre objectif (notre raison d&rsquo;\u00eatre) en accord avec notre nature innovante, notre haut niveau de comp\u00e9tence et notre flexibilit\u00e9 dans l&rsquo;ex\u00e9cution en temps r\u00e9el de projets majeurs dans le secteur de la sant\u00e9.<\/p>\n<p>Nous sommes convaincus que les clients nous choisissent pour leurs projets hospitaliers sensibles pour une raison bien pr\u00e9cise : \u00a0\u00bb assurer le suivi de la viabilit\u00e9 de la qualit\u00e9 et des performances de l&rsquo;h\u00f4pital \u00ab\u00a0. Lorsque les clients voient ces super attributs (<img decoding=\"async\" src=\"https:\/\/staging3.mediaedge.cm\/wp-content\/uploads\/2020\/05\/health-care-icon.png\" alt=\"Gima-Bambot Healthcare Ltd.\"> + <img decoding=\"async\" src=\"https:\/\/staging3.mediaedge.cm\/wp-content\/uploads\/2022\/10\/B_Braun_logo.png\" alt=\"Bbraun\"> ), ils nous font davantage confiance et ressentent une grande paix int\u00e9rieure.<\/p>\n<p>Fait Marquant &#8211; En 2021\/2022, le Gouvernement du Cameroun \u00e0 travers le Minist\u00e8re de la Sant\u00e9 Publique nous a lanc\u00e9 un d\u00e9fi en nous confiant divers projets dans le domaine de l&rsquo;h\u00e9modialyse.<\/p>\n<p>Rendez-vous sur <a href=\"https:\/\/staging3.mediaedge.cm\/fr\/actualites\/\">Actualit\u00e9s et Projets<\/a> pour d\u00e9couvrir les r\u00e9sultats de ces projets !!!<br \/>\n\t2022<\/p>\n","protected":false},"excerpt":{"rendered":"<p>Notre Vision Notre vision est d&rsquo;aider les h\u00f4pitaux \u00e0 r\u00e9duire leurs co\u00fbts en am\u00e9liorant la qualit\u00e9, en soutenant les m\u00e9decins et les infirmi\u00e8res par une formation continue. La mission de Gima-Bambot Healthcare Ltd., est de faire conna\u00eetre le Cameroun pour sa qualit\u00e9 de soins. Nous nous focalisons sur les points suivants : Renforcement des capacit\u00e9s [&hellip;]<\/p>\n","protected":false},"author":6,"featured_media":0,"parent":0,"menu_order":0,"comment_status":"closed","ping_status":"closed","template":"","meta":{"_acf_changed":false,"footnotes":""},"class_list":["post-2713","page","type-page","status-publish","hentry"],"acf":[],"_links":{"self":[{"href":"https:\/\/staging3.mediaedge.cm\/fr\/wp-json\/wp\/v2\/pages\/2713","targetHints":{"allow":["GET"]}}],"collection":[{"href":"https:\/\/staging3.mediaedge.cm\/fr\/wp-json\/wp\/v2\/pages"}],"about":[{"href":"https:\/\/staging3.mediaedge.cm\/fr\/wp-json\/wp\/v2\/types\/page"}],"author":[{"embeddable":true,"href":"https:\/\/staging3.mediaedge.cm\/fr\/wp-json\/wp\/v2\/users\/6"}],"replies":[{"embeddable":true,"href":"https:\/\/staging3.mediaedge.cm\/fr\/wp-json\/wp\/v2\/comments?post=2713"}],"version-history":[{"count":58,"href":"https:\/\/staging3.mediaedge.cm\/fr\/wp-json\/wp\/v2\/pages\/2713\/revisions"}],"predecessor-version":[{"id":3798,"href":"https:\/\/staging3.mediaedge.cm\/fr\/wp-json\/wp\/v2\/pages\/2713\/revisions\/3798"}],"wp:attachment":[{"href":"https:\/\/staging3.mediaedge.cm\/fr\/wp-json\/wp\/v2\/media?parent=2713"}],"curies":[{"name":"wp","href":"https:\/\/api.w.org\/{rel}","templated":true}]}}