{"id":2726,"date":"2022-10-24T10:47:50","date_gmt":"2022-10-24T09:47:50","guid":{"rendered":"https:\/\/www.gimabambot-hc.com\/maintenance-des-equipements-medicaux\/"},"modified":"2023-03-03T14:05:39","modified_gmt":"2023-03-03T13:05:39","slug":"maintenance-des-equipements-medicaux","status":"publish","type":"page","link":"https:\/\/staging3.mediaedge.cm\/fr\/maintenance-des-equipements-medicaux\/","title":{"rendered":"Maintenance des \u00c9quipements M\u00e9dicaux"},"content":{"rendered":"<nav aria-label=\"breadcrumbs\" class=\"rank-math-breadcrumb\"><p><span class=\"last\">Home<\/span><\/p><\/nav>\n<style>\/*! elementor - v3.11.2 - 22-02-2023 *\/\n.elementor-heading-title{padding:0;margin:0;line-height:1}.elementor-widget-heading .elementor-heading-title[class*=elementor-size-]>a{color:inherit;font-size:inherit;line-height:inherit}.elementor-widget-heading .elementor-heading-title.elementor-size-small{font-size:15px}.elementor-widget-heading .elementor-heading-title.elementor-size-medium{font-size:19px}.elementor-widget-heading .elementor-heading-title.elementor-size-large{font-size:29px}.elementor-widget-heading .elementor-heading-title.elementor-size-xl{font-size:39px}.elementor-widget-heading .elementor-heading-title.elementor-size-xxl{font-size:59px}<\/style>\n<h4>Maintenance pr\u00e9ventive :<\/h4>\n<p>Le secret de la long\u00e9vit\u00e9 des \u00e9quipements.<\/p>\n<style>\/*! elementor - v3.11.2 - 22-02-2023 *\/\n.elementor-widget-image{text-align:center}.elementor-widget-image a{display:inline-block}.elementor-widget-image a img[src$=\".svg\"]{width:48px}.elementor-widget-image img{vertical-align:middle;display:inline-block}<\/style>\n<p>\t\t\t\t\t\t\t\t\t\t\t\t<img decoding=\"async\" width=\"1000\" height=\"1500\" src=\"https:\/\/staging3.mediaedge.cm\/wp-content\/uploads\/2022\/11\/Gima-Bambot-Healthcare-medical-Supplier-Cameroon-24.jpg\" alt=\"\" loading=\"lazy\" srcset=\"https:\/\/staging3.mediaedge.cm\/wp-content\/uploads\/2022\/11\/Gima-Bambot-Healthcare-medical-Supplier-Cameroon-24.jpg 1000w, https:\/\/staging3.mediaedge.cm\/wp-content\/uploads\/2022\/11\/Gima-Bambot-Healthcare-medical-Supplier-Cameroon-24-340x510.jpg 340w, https:\/\/staging3.mediaedge.cm\/wp-content\/uploads\/2022\/11\/Gima-Bambot-Healthcare-medical-Supplier-Cameroon-24-600x900.jpg 600w, https:\/\/staging3.mediaedge.cm\/wp-content\/uploads\/2022\/11\/Gima-Bambot-Healthcare-medical-Supplier-Cameroon-24-768x1152.jpg 768w\" sizes=\"auto, (max-width: 1000px) 100vw, 1000px\" \/><br \/>\n\t\t\t\t\t\t\t\t\t\t\t\t\t\t\t<img decoding=\"async\" width=\"1024\" height=\"683\" src=\"https:\/\/staging3.mediaedge.cm\/wp-content\/uploads\/2022\/11\/Gima-Bambot-Healthcare-medical-Supplier-Cameroon-16.jpeg\" alt=\"\" loading=\"lazy\" srcset=\"https:\/\/staging3.mediaedge.cm\/wp-content\/uploads\/2022\/11\/Gima-Bambot-Healthcare-medical-Supplier-Cameroon-16.jpeg 1024w, https:\/\/staging3.mediaedge.cm\/wp-content\/uploads\/2022\/11\/Gima-Bambot-Healthcare-medical-Supplier-Cameroon-16-510x340.jpeg 510w, https:\/\/staging3.mediaedge.cm\/wp-content\/uploads\/2022\/11\/Gima-Bambot-Healthcare-medical-Supplier-Cameroon-16-900x600.jpeg 900w, https:\/\/staging3.mediaedge.cm\/wp-content\/uploads\/2022\/11\/Gima-Bambot-Healthcare-medical-Supplier-Cameroon-16-768x512.jpeg 768w\" sizes=\"auto, (max-width: 1024px) 100vw, 1024px\" \/>\t\t\t\t\t\t\t\t\t\t\t\t\t\t\t<\/p>\n<p>L&rsquo;entretien pr\u00e9dictif et pr\u00e9ventif des \u00e9quipements m\u00e9dicaux, associ\u00e9 \u00e0 la formation des utilisateurs finaux, joue un r\u00f4le essentiel.<\/p>\n<h4>Maintenance des \u00e9quipements m\u00e9dicaux :<\/h4>\n<p>Le service de maintenance pr\u00e9dictif et pr\u00e9ventif des \u00e9quipements m\u00e9dicaux est de loin meilleur que les r\u00e9parations !!!<\/p>\n<p>\t\t\t\t\t\t\t\t\t\t\t\t\t\t\t<img decoding=\"async\" width=\"1500\" height=\"1000\" src=\"https:\/\/staging3.mediaedge.cm\/wp-content\/uploads\/2022\/11\/Gima-Bambot-Healthcare-medical-Supplier-Cameroon-26-e1668184658234.jpg\" alt=\"\" loading=\"lazy\" srcset=\"https:\/\/staging3.mediaedge.cm\/wp-content\/uploads\/2022\/11\/Gima-Bambot-Healthcare-medical-Supplier-Cameroon-26-e1668184658234.jpg 1500w, https:\/\/staging3.mediaedge.cm\/wp-content\/uploads\/2022\/11\/Gima-Bambot-Healthcare-medical-Supplier-Cameroon-26-e1668184658234-510x340.jpg 510w, https:\/\/staging3.mediaedge.cm\/wp-content\/uploads\/2022\/11\/Gima-Bambot-Healthcare-medical-Supplier-Cameroon-26-e1668184658234-900x600.jpg 900w, https:\/\/staging3.mediaedge.cm\/wp-content\/uploads\/2022\/11\/Gima-Bambot-Healthcare-medical-Supplier-Cameroon-26-e1668184658234-768x512.jpg 768w\" sizes=\"auto, (max-width: 1500px) 100vw, 1500px\" \/><br \/>\n\t\t<strong>Les H\u00f4pitaux<\/strong> utilisent divers \u00e9quipements pour le diagnostic et le traitement des patients. Les m\u00e9decins et les infirmi\u00e8res s&rsquo;appuient donc sur ces \u00e9quipements pour soulager la douleur, r\u00e9tablir la sant\u00e9 et prolonger la vie des patients.<br \/>\nNotre <strong>\u00e9quipe d&rsquo;ing\u00e9nierie biom\u00e9dicale<\/strong> est pleinement consciente que les \u00e9quipements m\u00e9dicaux sont des biens d&rsquo;investissement. Pour prot\u00e9ger ces investissements et am\u00e9liorer les performances op\u00e9rationnelles, la maintenance de ces \u00e9quipements m\u00e9dicaux est un imp\u00e9ratif. Dans cette optique, <strong>Gima-Bambot Healthcare Ltd.,<\/strong> se concentre sur les services de maintenance afin d&rsquo;apporter une valeur ajout\u00e9e au secteur de la sant\u00e9.\t\t<\/p>\n<h5>Restez connect\u00e9 \u00e0 Gima-Bambot Healthcare Ltd., pour acc\u00e9der \u00e0 la p\u00e9rennit\u00e9 des \u00e9quipements m\u00e9dicaux, aux performances durables et \u00e0 un retour sur investissement.<\/h5>\n<p>\t\t\t<a href=\"https:\/\/staging3.mediaedge.cm\/fr\/contact\/\" role=\"button\"><br \/>\n\t\t\t\t\t\tContactez-nous<br \/>\n\t\t\t\t\t<\/a><\/p>\n","protected":false},"excerpt":{"rendered":"<p>Maintenance pr\u00e9ventive : Le secret de la long\u00e9vit\u00e9 des \u00e9quipements. L&rsquo;entretien pr\u00e9dictif et pr\u00e9ventif des \u00e9quipements m\u00e9dicaux, associ\u00e9 \u00e0 la formation des utilisateurs finaux, joue un r\u00f4le essentiel. Maintenance des \u00e9quipements m\u00e9dicaux : Le service de maintenance pr\u00e9dictif et pr\u00e9ventif des \u00e9quipements m\u00e9dicaux est de loin meilleur que les r\u00e9parations !!! Les H\u00f4pitaux utilisent divers [&hellip;]<\/p>\n","protected":false},"author":7,"featured_media":0,"parent":0,"menu_order":0,"comment_status":"closed","ping_status":"closed","template":"","meta":{"_acf_changed":false,"footnotes":""},"class_list":["post-2726","page","type-page","status-publish","hentry"],"acf":[],"_links":{"self":[{"href":"https:\/\/staging3.mediaedge.cm\/fr\/wp-json\/wp\/v2\/pages\/2726","targetHints":{"allow":["GET"]}}],"collection":[{"href":"https:\/\/staging3.mediaedge.cm\/fr\/wp-json\/wp\/v2\/pages"}],"about":[{"href":"https:\/\/staging3.mediaedge.cm\/fr\/wp-json\/wp\/v2\/types\/page"}],"author":[{"embeddable":true,"href":"https:\/\/staging3.mediaedge.cm\/fr\/wp-json\/wp\/v2\/users\/7"}],"replies":[{"embeddable":true,"href":"https:\/\/staging3.mediaedge.cm\/fr\/wp-json\/wp\/v2\/comments?post=2726"}],"version-history":[{"count":11,"href":"https:\/\/staging3.mediaedge.cm\/fr\/wp-json\/wp\/v2\/pages\/2726\/revisions"}],"predecessor-version":[{"id":3521,"href":"https:\/\/staging3.mediaedge.cm\/fr\/wp-json\/wp\/v2\/pages\/2726\/revisions\/3521"}],"wp:attachment":[{"href":"https:\/\/staging3.mediaedge.cm\/fr\/wp-json\/wp\/v2\/media?parent=2726"}],"curies":[{"name":"wp","href":"https:\/\/api.w.org\/{rel}","templated":true}]}}