{"id":2740,"date":"2022-10-24T10:47:21","date_gmt":"2022-10-24T09:47:21","guid":{"rendered":"https:\/\/www.gimabambot-hc.com\/consulting\/"},"modified":"2023-03-04T14:45:49","modified_gmt":"2023-03-04T13:45:49","slug":"consulting","status":"publish","type":"page","link":"https:\/\/staging3.mediaedge.cm\/fr\/consulting\/","title":{"rendered":"Consulting"},"content":{"rendered":"<nav aria-label=\"breadcrumbs\" class=\"rank-math-breadcrumb\"><p><span class=\"last\">Home<\/span><\/p><\/nav>\n<style>\/*! elementor - v3.11.2 - 22-02-2023 *\/\n.elementor-heading-title{padding:0;margin:0;line-height:1}.elementor-widget-heading .elementor-heading-title[class*=elementor-size-]>a{color:inherit;font-size:inherit;line-height:inherit}.elementor-widget-heading .elementor-heading-title.elementor-size-small{font-size:15px}.elementor-widget-heading .elementor-heading-title.elementor-size-medium{font-size:19px}.elementor-widget-heading .elementor-heading-title.elementor-size-large{font-size:29px}.elementor-widget-heading .elementor-heading-title.elementor-size-xl{font-size:39px}.elementor-widget-heading .elementor-heading-title.elementor-size-xxl{font-size:59px}<\/style>\n<h2>Consulting professionnel<\/h2>\n<p>Le consulting professionnel est un moyen d&rsquo;\u00e9ducation et une forme d&rsquo;enseignement dans la terminologie de Gima-Bambot Healthcare Ltd., qui est de <strong>\u00ab\u00a0<b>Empowering&#8230;<\/b> des m\u00e9decins, des infirmi\u00e8res et des processus dans les h\u00f4pitaux\u00a0\u00bb.<\/strong><\/p>\n<p>Par le biais du consulting professionnel, nous nous effor\u00e7ons de red\u00e9finir la mani\u00e8re dont les h\u00f4pitaux abordent leur situation et leurs processus. L&rsquo;objectif de cet exercice est de mettre en lumi\u00e8re, de d\u00e9faire la complexit\u00e9, de fournir de nouvelles id\u00e9es pour \u00e9conomiser de l&rsquo;argent et contribuer \u00e0 la performance des h\u00f4pitaux.<\/p>\n<link rel=\"stylesheet\" href=\"https:\/\/staging3.mediaedge.cm\/wp-content\/plugins\/elementor-pro\/assets\/css\/widget-call-to-action.min.css\">\n<h6>Les h\u00f4pitaux ont besoin de solutions durables<\/h6>\n<p>Notre service de consulting professionnel vise \u00e0 trouver des solutions durables dans le domaine des dispositifs m\u00e9dicaux : \u00e9quipements et consommables. Nous nous associons aux h\u00f4pitaux pour relever leurs d\u00e9fis les plus importants et saisir pour eux des meilleures opportunit\u00e9s. Notre succ\u00e8s d\u00e9pend d&rsquo;un esprit de collaboration pouss\u00e9, de la gestion d&rsquo;une gamme vari\u00e9e de produits et de services, ainsi que d&rsquo;une \u00e9quipe de personnes diverses, d\u00e9termin\u00e9es \u00e0 am\u00e9liorer chaque jour la communaut\u00e9.<\/p>\n<h6>Des ressources financi\u00e8res limit\u00e9es<\/h6>\n<p>Notre service de consulting professionnel est une invitation pour les h\u00f4pitaux \u00e0 acqu\u00e9rir des connaissances appropri\u00e9es, \u00e0 \u00e9laborer des solutions durables, efficaces et efficientes en rapport avec des d\u00e9fis sp\u00e9cifiques.<\/p>\n<p>M\u00eame avec un budget restreint, nous estimons que les h\u00f4pitaux ont besoin d&rsquo;un rapport qualit\u00e9-prix, c&rsquo;est-\u00e0-dire qu&rsquo;ils doivent prendre en compte non seulement la qualit\u00e9 et les fonctionnalit\u00e9s du produit, mais aussi l&rsquo;engagement du fournisseur et les services suppl\u00e9mentaires.<\/p>\n<p>D\u00e8s lors, comment les h\u00f4pitaux peuvent-ils atteindre cet \u00e9quilibre ?<\/p>\n<h6>Notre expertise<\/h6>\n<p>Notre consulting professionnel offre une vision globale, une expertise fonctionnelle et un \u00e9ventail de perspectives qui remettent en question le statu quo et suscitent le changement dans les processus hospitaliers.<\/p>\n<p>Notre mod\u00e8le repose sur la <strong>Collaboration<\/strong>. Nous travaillons en \u00e9troite collaborons avec les h\u00f4pitaux, les fabricants et tous les partenaires financiers. Notre objectif est aliment\u00e9 par notre volont\u00e9 d&rsquo;aider les h\u00f4pitaux \u00e0 prosp\u00e9rer et \u00e0 sauver des vies. De cette mani\u00e8re, nous contribuons \u00e0 am\u00e9liorer la qualit\u00e9 de vie de la communaut\u00e9.<\/p>\n<h5>Ce en quoi nous croyons<\/h5>\n<p>Gima-Bambot Healthcare Ltd., fond\u00e9 en 2001 et en activit\u00e9 depuis 2003, travaille en \u00e9troite collaboration avec les diverses \u00e9quipes hospitali\u00e8res afin d&rsquo;adopter une approche transformationnelle visant \u00e0 faire b\u00e9n\u00e9ficier toutes les parties prenantes\u202f; en permettant aux \u00e9tablissements de sant\u00e9 d&rsquo;am\u00e9liorer constamment leurs processus et de sauver des vies, de cr\u00e9er un avantage concurrentiel durable et d&rsquo;avoir un impact soci\u00e9tal positif.<\/p>\n<p>Nos diff\u00e9rentes \u00e9quipes sont d\u00e9termin\u00e9es \u00e0 mettre en valeur leur potentiel et \u00e0 provoquer des changements au sein des h\u00f4pitaux, en proposant des solutions compl\u00e8tes par le biais de la collaboration et du consulting en gestion de gammes de produits.<\/p>\n<h2>\u00cates-vous convaincu ?<\/h2>\n<p>N&rsquo;h\u00e9sitez pas \u00e0 nous contacter<\/p>\n<p>\t\t\t<a href=\"https:\/\/staging3.mediaedge.cm\/fr\/contact\/\" role=\"button\"><br \/>\n\t\t\t\t\t\tContactez-Nous<br \/>\n\t\t\t\t\t<\/a><\/p>\n","protected":false},"excerpt":{"rendered":"<p>Consulting professionnel Le consulting professionnel est un moyen d&rsquo;\u00e9ducation et une forme d&rsquo;enseignement dans la terminologie de Gima-Bambot Healthcare Ltd., qui est de \u00ab\u00a0Empowering&#8230; des m\u00e9decins, des infirmi\u00e8res et des processus dans les h\u00f4pitaux\u00a0\u00bb. Par le biais du consulting professionnel, nous nous effor\u00e7ons de red\u00e9finir la mani\u00e8re dont les h\u00f4pitaux abordent leur situation et leurs [&hellip;]<\/p>\n","protected":false},"author":7,"featured_media":0,"parent":0,"menu_order":0,"comment_status":"closed","ping_status":"closed","template":"","meta":{"_acf_changed":false,"footnotes":""},"class_list":["post-2740","page","type-page","status-publish","hentry"],"acf":[],"_links":{"self":[{"href":"https:\/\/staging3.mediaedge.cm\/fr\/wp-json\/wp\/v2\/pages\/2740","targetHints":{"allow":["GET"]}}],"collection":[{"href":"https:\/\/staging3.mediaedge.cm\/fr\/wp-json\/wp\/v2\/pages"}],"about":[{"href":"https:\/\/staging3.mediaedge.cm\/fr\/wp-json\/wp\/v2\/types\/page"}],"author":[{"embeddable":true,"href":"https:\/\/staging3.mediaedge.cm\/fr\/wp-json\/wp\/v2\/users\/7"}],"replies":[{"embeddable":true,"href":"https:\/\/staging3.mediaedge.cm\/fr\/wp-json\/wp\/v2\/comments?post=2740"}],"version-history":[{"count":32,"href":"https:\/\/staging3.mediaedge.cm\/fr\/wp-json\/wp\/v2\/pages\/2740\/revisions"}],"predecessor-version":[{"id":3697,"href":"https:\/\/staging3.mediaedge.cm\/fr\/wp-json\/wp\/v2\/pages\/2740\/revisions\/3697"}],"wp:attachment":[{"href":"https:\/\/staging3.mediaedge.cm\/fr\/wp-json\/wp\/v2\/media?parent=2740"}],"curies":[{"name":"wp","href":"https:\/\/api.w.org\/{rel}","templated":true}]}}