{"id":2846,"date":"2020-05-12T14:06:45","date_gmt":"2020-05-12T13:06:45","guid":{"rendered":"https:\/\/www.gimabambot-hc.com\/valeurs-philosophie\/"},"modified":"2023-03-04T14:42:18","modified_gmt":"2023-03-04T13:42:18","slug":"valeurs-philosophie","status":"publish","type":"page","link":"https:\/\/staging3.mediaedge.cm\/fr\/valeurs-philosophie\/","title":{"rendered":"Valeurs &#038; Philosophie"},"content":{"rendered":"<nav aria-label=\"breadcrumbs\" class=\"rank-math-breadcrumb\"><p><span class=\"last\">Home<\/span><\/p><\/nav>\n<style>\/*! elementor - v3.11.2 - 22-02-2023 *\/\n.elementor-heading-title{padding:0;margin:0;line-height:1}.elementor-widget-heading .elementor-heading-title[class*=elementor-size-]>a{color:inherit;font-size:inherit;line-height:inherit}.elementor-widget-heading .elementor-heading-title.elementor-size-small{font-size:15px}.elementor-widget-heading .elementor-heading-title.elementor-size-medium{font-size:19px}.elementor-widget-heading .elementor-heading-title.elementor-size-large{font-size:29px}.elementor-widget-heading .elementor-heading-title.elementor-size-xl{font-size:39px}.elementor-widget-heading .elementor-heading-title.elementor-size-xxl{font-size:59px}<\/style>\n<h2>Valeur Fondamentale<\/h2>\n<p>Notre valeur fondamentale est la certitude que des m\u00e9decins d\u00e9vou\u00e9s peuvent changer le sort d\u2019un patient en utilisant ou en implantant des dispositifs m\u00e9dicaux de bonne qualit\u00e9 pour soulager la souffrance. La vie des patients en d\u00e9pend.<\/p>\n<p>En tant qu&rsquo;entreprise, nous sommes fortement attach\u00e9s \u00e0 notre culture et \u00e0 notre image de marque ; nos strat\u00e9gies commerciales r\u00e9sultent toutes de nos valeurs fondamentales et de notre culture d&rsquo;entreprise. C&rsquo;est gr\u00e2ce \u00e0 cette approche que Gima-Bambot Healthcare Ltd., r\u00e9volutionne les syst\u00e8mes de sant\u00e9, tout en soutenant et en am\u00e9liorant les h\u00f4pitaux qui partagent les m\u00eames valeurs.<\/p>\n<p>Tandis que Gima-Bambot Healthcare Ltd., se d\u00e9veloppe rapidement, il est imp\u00e9ratif de d\u00e9finir avec clart\u00e9 nos valeurs essentielles :<\/p>\n<h2>Nos valeurs essentielles<\/h2>\n<p>                        <a href=\"#collapse-66bae9264034abadb154\" data-ekit-toggle=\"collapse\" data-target=\"#Collapse-66bae9264034abadb154\" aria-expanded=\"true\" aria-controls=\"Collapse-66bae9264034abadb154\"><br \/>\n                            Renforcement des capacit\u00e9s<br \/>\n                                        <!-- Normal Icon --><br \/>\n                                        <!-- Active Icon --><br \/>\n                                                    <\/a><\/p>\n<p>Au quotidien, nous nous focalisons sur la meilleure mani\u00e8re de soutenir les processus dans les h\u00f4pitaux et de donner aux m\u00e9decins et infirmi\u00e8res les outils pour sauver des vies.<\/p>\n<p>                <!-- .elementskit-card END --><br \/>\n                        <a href=\"#collapse-bef586464034abadb154\" data-ekit-toggle=\"collapse\" data-target=\"#Collapse-bef586464034abadb154\" aria-expanded=\"false\" aria-controls=\"Collapse-bef586464034abadb154\"><br \/>\n                            L&#039;attitude \u00e0 adopter<br \/>\n                                        <!-- Normal Icon --><br \/>\n                                        <!-- Active Icon --><br \/>\n                                                    <\/a><\/p>\n<p>Nous r\u00e9actualisons nos connaissances en nous rendant dans les h\u00f4pitaux et en fr\u00e9quentant les unit\u00e9s de traitement, afin d&rsquo;apprendre, d&rsquo;obtenir des informations pr\u00e9cises, puis d&rsquo;apporter notre soutien dans le but d&rsquo;am\u00e9liorer les r\u00e9sultats et de r\u00e9inventer des solutions pour le client.<\/p>\n<p>                <!-- .elementskit-card END --><br \/>\n                        <a href=\"#collapse-025ad0764034abadb154\" data-ekit-toggle=\"collapse\" data-target=\"#Collapse-025ad0764034abadb154\" aria-expanded=\"false\" aria-controls=\"Collapse-025ad0764034abadb154\"><br \/>\n                            Int\u00e9grit\u00e9<br \/>\n                                        <!-- Normal Icon --><br \/>\n                                        <!-- Active Icon --><br \/>\n                                                    <\/a><\/p>\n<p>La v\u00e9rit\u00e9, l&rsquo;honn\u00eatet\u00e9, l&rsquo;\u00e9quit\u00e9, la l\u00e9galit\u00e9 et le d\u00e9sir de faire le bien sont les forces motrices de notre activit\u00e9. Nous visons \u00e0 am\u00e9liorer la vie de toutes les parties prenantes et de tous les clients tout en apportant une plue value \u00e0 leur activit\u00e9.<\/p>\n<p>                <!-- .elementskit-card END --><br \/>\n                        <a href=\"#collapse-62fb6bb64034abadb154\" data-ekit-toggle=\"collapse\" data-target=\"#Collapse-62fb6bb64034abadb154\" aria-expanded=\"false\" aria-controls=\"Collapse-62fb6bb64034abadb154\"><br \/>\n                            Innovation<br \/>\n                                        <!-- Normal Icon --><br \/>\n                                        <!-- Active Icon --><br \/>\n                                                    <\/a><\/p>\n<p>Nous abordons chaque probl\u00e8me, chaque situation et chaque travail avec un esprit ouvert afin d&rsquo;am\u00e9liorer et de fournir des solutions, des produits et des services innovants. Il s&rsquo;agit d&rsquo;un facteur de diff\u00e9renciation constant dans notre approche des affaires.<\/p>\n<p>                <!-- .elementskit-card END --><br \/>\n                        <a href=\"#collapse-66bae9264034abae6b28\" data-ekit-toggle=\"collapse\" data-target=\"#Collapse-66bae9264034abae6b28\" aria-expanded=\"true\" aria-controls=\"Collapse-66bae9264034abae6b28\"><br \/>\n                            Qualit\u00e9<br \/>\n                                        <!-- Normal Icon --><br \/>\n                                        <!-- Active Icon --><br \/>\n                                                    <\/a><\/p>\n<p>Tout ce que nous faisons vise \u00e0 surpasser les attentes de nos clients; mais aussi des clients de nos clients. Dans cette optique, nous ne travaillons qu&rsquo;avec le(s) fabricant(s) le(s) plus comp\u00e9tent(s) et le(s) plus exp\u00e9riment\u00e9(s) avec pour objectif d&rsquo;\u00e9laborer des solutions adapt\u00e9es qui stimuleront les performances des h\u00f4pitaux.<\/p>\n<p>                <!-- .elementskit-card END --><br \/>\n                        <a href=\"#collapse-bef586464034abae6b28\" data-ekit-toggle=\"collapse\" data-target=\"#Collapse-bef586464034abae6b28\" aria-expanded=\"false\" aria-controls=\"Collapse-bef586464034abae6b28\"><br \/>\n                            Travail d&#039;\u00e9quipe<br \/>\n                                        <!-- Normal Icon --><br \/>\n                                        <!-- Active Icon --><br \/>\n                                                    <\/a><\/p>\n<p>Notre d\u00e9sir est d&rsquo;aller loin ensemble et de nous soutenir les uns les autres. Avec nos employ\u00e9s, nos fabricants\/fournisseurs, nos partenaires et nos investisseurs, nous relevons des d\u00e9fis et faisons des d\u00e9couvertes qui att\u00e9nuent la douleur et la souffrance dans les h\u00f4pitaux. Notre objectif commun nous permet de d\u00e9velopper un sens de la communaut\u00e9 qui est crucial pour nous aider \u00e0 concr\u00e9tiser nos valeurs fondamentales.<\/p>\n<p>                <!-- .elementskit-card END --><br \/>\n                        <a href=\"#collapse-025ad0764034abae6b28\" data-ekit-toggle=\"collapse\" data-target=\"#Collapse-025ad0764034abae6b28\" aria-expanded=\"false\" aria-controls=\"Collapse-025ad0764034abae6b28\"><br \/>\n                            Durabilit\u00e9<br \/>\n                                        <!-- Normal Icon --><br \/>\n                                        <!-- Active Icon --><br \/>\n                                                    <\/a><\/p>\n<p>Notre engagement en faveur du d\u00e9veloppement durable s&rsquo;inscrit dans toutes nos activit\u00e9s commerciales, qui reposent sur trois piliers : efficacit\u00e9 \u00e9conomique, \u00e9quit\u00e9 sociale et responsabilit\u00e9 environnementale.<\/p>\n<p>Nous r\u00e9investissons et d\u00e9veloppons en continu pour maintenir la nature de la croissance organique et le caract\u00e8re r\u00e9silient de notre activit\u00e9. L&rsquo;accent mis sur le d\u00e9veloppement et la fid\u00e9lisation de notre capital humain nous permet de g\u00e9n\u00e9rer constamment de nouvelles id\u00e9es et d&rsquo;innover. Gr\u00e2ce \u00e0 notre respect de l&rsquo;environnement, nous consentons chaque jour des efforts pour faire de petites choses, comme maintenir un bureau sans papier pour am\u00e9liorer l&rsquo;environnement.<\/p>\n<p>Notre croissance d\u00e9pend de la mise en commun des ressources (investisseurs, clients, employ\u00e9s et prestataires de soins de sant\u00e9) pour un meilleur r\u00e9sultat tangible.<\/p>\n<p>                <!-- .elementskit-card END --><\/p>\n","protected":false},"excerpt":{"rendered":"<p>Valeur Fondamentale Notre valeur fondamentale est la certitude que des m\u00e9decins d\u00e9vou\u00e9s peuvent changer le sort d\u2019un patient en utilisant ou en implantant des dispositifs m\u00e9dicaux de bonne qualit\u00e9 pour soulager la souffrance. La vie des patients en d\u00e9pend. En tant qu&rsquo;entreprise, nous sommes fortement attach\u00e9s \u00e0 notre culture et \u00e0 notre image de marque [&hellip;]<\/p>\n","protected":false},"author":6,"featured_media":0,"parent":0,"menu_order":0,"comment_status":"closed","ping_status":"closed","template":"","meta":{"_acf_changed":false,"footnotes":""},"class_list":["post-2846","page","type-page","status-publish","hentry"],"acf":[],"_links":{"self":[{"href":"https:\/\/staging3.mediaedge.cm\/fr\/wp-json\/wp\/v2\/pages\/2846","targetHints":{"allow":["GET"]}}],"collection":[{"href":"https:\/\/staging3.mediaedge.cm\/fr\/wp-json\/wp\/v2\/pages"}],"about":[{"href":"https:\/\/staging3.mediaedge.cm\/fr\/wp-json\/wp\/v2\/types\/page"}],"author":[{"embeddable":true,"href":"https:\/\/staging3.mediaedge.cm\/fr\/wp-json\/wp\/v2\/users\/6"}],"replies":[{"embeddable":true,"href":"https:\/\/staging3.mediaedge.cm\/fr\/wp-json\/wp\/v2\/comments?post=2846"}],"version-history":[{"count":19,"href":"https:\/\/staging3.mediaedge.cm\/fr\/wp-json\/wp\/v2\/pages\/2846\/revisions"}],"predecessor-version":[{"id":3693,"href":"https:\/\/staging3.mediaedge.cm\/fr\/wp-json\/wp\/v2\/pages\/2846\/revisions\/3693"}],"wp:attachment":[{"href":"https:\/\/staging3.mediaedge.cm\/fr\/wp-json\/wp\/v2\/media?parent=2846"}],"curies":[{"name":"wp","href":"https:\/\/api.w.org\/{rel}","templated":true}]}}