{"id":2860,"date":"2020-05-12T14:11:52","date_gmt":"2020-05-12T13:11:52","guid":{"rendered":"https:\/\/www.gimabambot-hc.com\/formation-et-education\/"},"modified":"2023-03-03T14:03:59","modified_gmt":"2023-03-03T13:03:59","slug":"formation-et-education","status":"publish","type":"page","link":"https:\/\/staging3.mediaedge.cm\/fr\/formation-et-education\/","title":{"rendered":"Formation"},"content":{"rendered":"<nav aria-label=\"breadcrumbs\" class=\"rank-math-breadcrumb\"><p><span class=\"last\">Home<\/span><\/p><\/nav>\n<style>\/*! elementor - v3.11.2 - 22-02-2023 *\/\n.elementor-heading-title{padding:0;margin:0;line-height:1}.elementor-widget-heading .elementor-heading-title[class*=elementor-size-]>a{color:inherit;font-size:inherit;line-height:inherit}.elementor-widget-heading .elementor-heading-title.elementor-size-small{font-size:15px}.elementor-widget-heading .elementor-heading-title.elementor-size-medium{font-size:19px}.elementor-widget-heading .elementor-heading-title.elementor-size-large{font-size:29px}.elementor-widget-heading .elementor-heading-title.elementor-size-xl{font-size:39px}.elementor-widget-heading .elementor-heading-title.elementor-size-xxl{font-size:59px}<\/style>\n<h5>Notre formation est une invitation aux prestataires de soins \u00e0 d\u00e9velopper une culture et un \u00e9tat d&rsquo;esprit qui fonctionneront pour eux et pour le syst\u00e8me de sant\u00e9 et non contre.<\/h5>\n<p>Dans toutes les soci\u00e9t\u00e9s humaines, la sant\u00e9 a une valeur intrins\u00e8que : la capacit\u00e9 de jouir de plusieurs ann\u00e9es de sant\u00e9, constitue l&rsquo;un des objectifs fondamentaux de la civilisation. Nous sommes convaincus que des soins de qualit\u00e9 jouent un r\u00f4le important dans la r\u00e9alisation de cette valeur intrins\u00e8que.<\/p>\n<p>Nos efforts et nos investissements continus visent \u00e0 soutenir une formation de qualit\u00e9 des m\u00e9decins et des infirmi\u00e8res sur les dispositifs m\u00e9dicaux appropri\u00e9s et leur utilisation en fonction des cas. Nous pensons que cela peut apporter une valeur ajout\u00e9e aux r\u00e9sultats des traitements.<\/p>\n<h3>Restez connect\u00e9 \u00e0 Gima-Bambot Healthcare Ltd., pour votre formation continue dans le domaine des dispositifs m\u00e9dicaux.<\/h3>\n<p>\t\t\t<a href=\"https:\/\/staging3.mediaedge.cm\/fr\/contact\/\" role=\"button\"><br \/>\n\t\t\t\t\t\tContactez-nous<br \/>\n\t\t\t\t\t<\/a><\/p>\n","protected":false},"excerpt":{"rendered":"<p>Notre formation est une invitation aux prestataires de soins \u00e0 d\u00e9velopper une culture et un \u00e9tat d&rsquo;esprit qui fonctionneront pour eux et pour le syst\u00e8me de sant\u00e9 et non contre. Dans toutes les soci\u00e9t\u00e9s humaines, la sant\u00e9 a une valeur intrins\u00e8que : la capacit\u00e9 de jouir de plusieurs ann\u00e9es de sant\u00e9, constitue l&rsquo;un des objectifs [&hellip;]<\/p>\n","protected":false},"author":6,"featured_media":0,"parent":0,"menu_order":0,"comment_status":"closed","ping_status":"closed","template":"","meta":{"_acf_changed":false,"footnotes":""},"class_list":["post-2860","page","type-page","status-publish","hentry"],"acf":[],"_links":{"self":[{"href":"https:\/\/staging3.mediaedge.cm\/fr\/wp-json\/wp\/v2\/pages\/2860","targetHints":{"allow":["GET"]}}],"collection":[{"href":"https:\/\/staging3.mediaedge.cm\/fr\/wp-json\/wp\/v2\/pages"}],"about":[{"href":"https:\/\/staging3.mediaedge.cm\/fr\/wp-json\/wp\/v2\/types\/page"}],"author":[{"embeddable":true,"href":"https:\/\/staging3.mediaedge.cm\/fr\/wp-json\/wp\/v2\/users\/6"}],"replies":[{"embeddable":true,"href":"https:\/\/staging3.mediaedge.cm\/fr\/wp-json\/wp\/v2\/comments?post=2860"}],"version-history":[{"count":15,"href":"https:\/\/staging3.mediaedge.cm\/fr\/wp-json\/wp\/v2\/pages\/2860\/revisions"}],"predecessor-version":[{"id":3517,"href":"https:\/\/staging3.mediaedge.cm\/fr\/wp-json\/wp\/v2\/pages\/2860\/revisions\/3517"}],"wp:attachment":[{"href":"https:\/\/staging3.mediaedge.cm\/fr\/wp-json\/wp\/v2\/media?parent=2860"}],"curies":[{"name":"wp","href":"https:\/\/api.w.org\/{rel}","templated":true}]}}